{"id":578,"date":"2011-03-10T16:07:09","date_gmt":"2011-03-10T16:07:09","guid":{"rendered":"http:\/\/rhone.libre-en-fete.net\/?page_id=578"},"modified":"2012-03-08T10:12:43","modified_gmt":"2012-03-08T10:12:43","slug":"install-parties","status":"publish","type":"page","link":"https:\/\/rhone.libre-en-fete.net\/?page_id=578","title":{"rendered":"Install parties"},"content":{"rendered":"<p>Une install party est une manifestation o\u00f9 les visiteurs viennent avec leur ordinateur personnel pour installer dessus un nouvel environnement (g\u00e9n\u00e9ralement un gnu\/linux en plus ou \u00e0 la place de leur windows ou mac os).<\/p>\n<p>(pour plus d\u00e9tails voir apr\u00e8s la liste)<\/p>\n<p><code><div class=\"em em-view-container\" id=\"em-view-501484593\" data-view=\"list\">\r\n\t<div class=\"em-list em-events-list\" id=\"em-events-list-501484593\" data-view-id=\"501484593\">\r\n\tPas de \u00c9v\u00e8nements\t<\/div>\r\n<\/div><\/code><\/p>\n<p>Il y a plusieurs types d&rsquo;installation propos\u00e9es au cours des parties :<\/p>\n<ul>\n<li>installation d&rsquo;un syst\u00e8me unique : plus rapide et plus simple si vous avez d\u00e9cid\u00e9 de lib\u00e9rer compl\u00e8tement votre machine<\/li>\n<li>Le double boot : vous installez un autre syst\u00e8me en parall\u00e8le de votre syst\u00e8me actuel (souvent privil\u00e9gi\u00e9 pour une premi\u00e8re exp\u00e9rience ou pour les personnes ayant des utilisations \u00ab\u00a0non-lib\u00e9rables\u00a0\u00bb de leur ordinateur)<\/li>\n<li>La virtualisation : m\u00e9thode prudente mais gourmande : on installe un syst\u00e8me dans l&rsquo;autre syst\u00e8me (donc on puise dans les ressources de la machine pour faire \u00ab\u00a0tourner deux ordinateurs en un\u00a0\u00bb)<\/li>\n<\/ul>\n<p>Des personnes plus exp\u00e9riement\u00e9es sont pr\u00e9sentes pour vous aider et vous accompagner.<\/p>\n<p>Si tout au long de l&rsquo;ann\u00e9e il y a des install parties (accompagn\u00e9es par l&rsquo;ALDIL), au cours de Libre En F\u00eate, elles sont bien plus nombreuses et d\u00e9centralis\u00e9es.<\/p>\n<p>Un moment convivial pour d\u00e9couvrir le logiciel libre.<\/p>\n<p>ATTENTION : Il est prudent de sauvegarder ses donn\u00e9es personnelles avant de faire une nouvelle installation (comme on devrait d&rsquo;ailleurs le faire r\u00e9guli\u00e8rement&#8230;). En g\u00e9n\u00e9ral les organisateurs d&rsquo;install parties vous feront signer une d\u00e9charge avant le d\u00e9but des op\u00e9rations en vous ayant pr\u00e9alablement expliqu\u00e9s les risques \u00e9ventuels.<\/p>\n<p><code><br \/>\n<\/code><\/p>\n<p>&nbsp;<\/p>\n","protected":false},"excerpt":{"rendered":"<p>Une install party est une manifestation o\u00f9 les visiteurs viennent avec leur ordinateur personnel pour installer dessus un nouvel environnement (g\u00e9n\u00e9ralement un gnu\/linux en plus ou \u00e0 la place de leur windows ou mac os). (pour plus d\u00e9tails voir apr\u00e8s &hellip; <a href=\"https:\/\/rhone.libre-en-fete.net\/?page_id=578\">Continuer la lecture <span class=\"meta-nav\">&rarr;<\/span><\/a><\/p>\n","protected":false},"author":3,"featured_media":0,"parent":521,"menu_order":0,"comment_status":"open","ping_status":"open","template":"","meta":{"footnotes":""},"class_list":["post-578","page","type-page","status-publish","hentry"],"_links":{"self":[{"href":"https:\/\/rhone.libre-en-fete.net\/index.php?rest_route=\/wp\/v2\/pages\/578","targetHints":{"allow":["GET"]}}],"collection":[{"href":"https:\/\/rhone.libre-en-fete.net\/index.php?rest_route=\/wp\/v2\/pages"}],"about":[{"href":"https:\/\/rhone.libre-en-fete.net\/index.php?rest_route=\/wp\/v2\/types\/page"}],"author":[{"embeddable":true,"href":"https:\/\/rhone.libre-en-fete.net\/index.php?rest_route=\/wp\/v2\/users\/3"}],"replies":[{"embeddable":true,"href":"https:\/\/rhone.libre-en-fete.net\/index.php?rest_route=%2Fwp%2Fv2%2Fcomments&post=578"}],"version-history":[{"count":4,"href":"https:\/\/rhone.libre-en-fete.net\/index.php?rest_route=\/wp\/v2\/pages\/578\/revisions"}],"predecessor-version":[{"id":668,"href":"https:\/\/rhone.libre-en-fete.net\/index.php?rest_route=\/wp\/v2\/pages\/578\/revisions\/668"}],"up":[{"embeddable":true,"href":"https:\/\/rhone.libre-en-fete.net\/index.php?rest_route=\/wp\/v2\/pages\/521"}],"wp:attachment":[{"href":"https:\/\/rhone.libre-en-fete.net\/index.php?rest_route=%2Fwp%2Fv2%2Fmedia&parent=578"}],"curies":[{"name":"wp","href":"https:\/\/api.w.org\/{rel}","templated":true}]}}